{"id":2043,"date":"2025-02-04T22:20:03","date_gmt":"2025-02-04T21:20:03","guid":{"rendered":"https:\/\/dentalsantandreu.com\/?page_id=2043"},"modified":"2025-02-14T18:17:14","modified_gmt":"2025-02-14T17:17:14","slug":"politica-de-cookies","status":"publish","type":"page","link":"https:\/\/dentalsantandreu.com\/es\/politica-de-cookies\/","title":{"rendered":"Pol\u00edtica de cookies"},"content":{"rendered":"<div data-elementor-type=\"wp-page\" data-elementor-id=\"2043\" class=\"elementor elementor-2043\">\n\t\t\t\t<div class=\"elementor-element elementor-element-a9da3c3 e-con-full e-flex e-con e-parent\" data-id=\"a9da3c3\" data-element_type=\"container\" data-settings=\"{&quot;background_background&quot;:&quot;classic&quot;}\">\n\t\t\t\t<\/div>\n\t\t<div class=\"elementor-element elementor-element-8fa120a e-con-full e-flex e-con e-parent\" data-id=\"8fa120a\" data-element_type=\"container\" data-settings=\"{&quot;background_background&quot;:&quot;classic&quot;}\">\n\t\t\t\t<div class=\"elementor-element elementor-element-5b2e654 elementor-widget elementor-widget-text-editor\" data-id=\"5b2e654\" data-element_type=\"widget\" data-widget_type=\"text-editor.default\">\n\t\t\t\t<div class=\"elementor-widget-container\">\n\t\t\t\t\t\t\t\t\t<div class=\"row\">\n<div class=\"col-xl-10 mx-auto\">\n<div class=\"paper\">\n<header class=\"text-center\">\n<h2 class=\"m-auto\" style=\"color: white;\">POL\u00cdTICA DE COOKIES<\/h2>\n<h4><span class=\"blanc-space ng-binding\" style=\"color: white;\">dentalsantandreu.com<\/span><\/h4>\n<\/header>\n<div>\n<p>L&#8217;acc\u00e9s a aquest Lloc Web pot implicar l&#8217;\u00fas de cookies. Les cookies s\u00f3n petites quantitats d&#8217;informaci\u00f3 que es desaven al navegador utilitzat per cada Usuari \u2014als diferents dispositius que pugui utilitzar per navegar\u2014 perqu\u00e8 el servidor recordi certa informaci\u00f3 que posteriorment i \u00fanicament el servidor que la va implementar llegir\u00e0. Les cookies faciliten la navegaci\u00f3, la fan m\u00e9s amigable, i no danyen el dispositiu de navegaci\u00f3.<\/p>\n<p>Les cookies s\u00f3n procediments autom\u00e0tics de recollida d&#8217;informaci\u00f3 relativa a les prefer\u00e8ncies determinades per l&#8217;Usuari durant la seva visita al Lloc Web amb l&#8217;objectiu de recon\u00e8ixer-lo com a Usuari, i personalitzar la seva experi\u00e8ncia i l&#8217;\u00fas del Lloc Web, i tamb\u00e9 poden, per exemple, ajudar a identificar i resoldre errors.<\/p>\n<p>La informaci\u00f3 recollida a trav\u00e9s de les cookies pot incloure la data i hora de les visites al Lloc Web, les p\u00e0gines visionades, el temps que ha estat al Lloc Web i els llocs visitats just abans i despr\u00e9s d&#8217;aquest. No obstant aix\u00f2, cap cookie permet que aquesta mateixa es pugui contactar amb el n\u00famero de tel\u00e8fon de l&#8217;Usuari o amb qualsevol altre mitj\u00e0 de contacte personal. Cap cookie pot extreure informaci\u00f3 del disc dur de l&#8217;Usuari o robar informaci\u00f3 personal. La \u00fanica manera que la informaci\u00f3 privada de l&#8217;Usuari formi part de l&#8217;arxiu Cookie \u00e9s que l&#8217;Usuari doni personalment aquesta informaci\u00f3 al servidor.<\/p>\n<p>Les cookies que permeten identificar una persona es consideren dades personals. Per tant, a aquestes se&#8217;ls aplicar\u00e0 la Pol\u00edtica de Privacitat anteriorment descrita. En aquest sentit, per a l&#8217;\u00fas d&#8217;aquestes ser\u00e0 necessari el consentiment de l&#8217;Usuari. Aquest consentiment ser\u00e0 comunicat, basat en una elecci\u00f3 aut\u00e8ntica, ofert mitjan\u00e7ant una decisi\u00f3 afirmativa i positiva, abans del tractament inicial, remoguda i documentada.<\/p>\n<div class=\"\">\n<h4 style=\"color: white;\">Cookies pr\u00f2pies<\/h4>\n<p>S\u00f3n aquelles cookies que s\u00f3n enviades a l&#8217;ordinador o dispositiu de l&#8217;Usuari i gestionades exclusivament per <span class=\"blanc-space ng-binding\">Dental Sant Andreu<\/span> per al millor funcionament del Lloc Web. La informaci\u00f3 que es recull s&#8217;emplea per millorar la qualitat del Lloc Web i el seu Contingut i la seva experi\u00e8ncia com a Usuari. Aquestes cookies permeten recon\u00e8ixer l&#8217;Usuari com a visitant recurrent del Lloc Web i adaptar el contingut per oferir-li continguts que s&#8217;ajustin a les seves prefer\u00e8ncies.<\/p>\n<\/div>\n<div class=\"thirdCookies ng-hide\"><\/div>\n<div class=\"ng-hide\">\n<h4 style=\"color: white;\">Deshabilitar, rebutjar i eliminar cookies<\/h4>\n<p>L&#8217;Usuari pot deshabilitar, rebutjar i eliminar les cookies \u2014total o parcialment\u2014 instal\u00b7lades al seu dispositiu mitjan\u00e7ant la configuraci\u00f3 del seu navegador (entre els quals es troben, per exemple, Chrome, Firefox, Safari, Explorer). En aquest sentit, els procediments per rebutjar i eliminar les cookies poden diferir d&#8217;un navegador d&#8217;Internet a un altre. En conseq\u00fc\u00e8ncia, l&#8217;Usuari ha d&#8217;acudir a les instruccions facilitades pel propi navegador d&#8217;Internet que estigui utilitzant. En el sup\u00f2sit que rebutgi l&#8217;\u00fas de cookies \u2014total o parcialment\u2014 podr\u00e0 seguir utilitzant el Lloc Web, si b\u00e9 podr\u00e0 tenir limitada l&#8217;\u00fas d&#8217;algunes de les prestacions del mateix.<\/p>\n<\/div>\n<\/div>\n<\/div>\n<\/div>\n<\/div>\t\t\t\t\t\t\t\t<\/div>\n\t\t\t\t<\/div>\n\t\t\t\t<\/div>\n\t\t\t\t<\/div>","protected":false},"excerpt":{"rendered":"<p>POL\u00cdTICA DE COOKIES dentalsantandreu.com L&#8217;acc\u00e9s a aquest Lloc Web pot implicar l&#8217;\u00fas de cookies. Les cookies s\u00f3n petites quantitats d&#8217;informaci\u00f3 que es desaven al navegador utilitzat per cada Usuari \u2014als diferents dispositius que pugui utilitzar per navegar\u2014 perqu\u00e8 el servidor recordi certa informaci\u00f3 que posteriorment i \u00fanicament el servidor que la va implementar llegir\u00e0. Les [&hellip;]<\/p>","protected":false},"author":1,"featured_media":0,"parent":0,"menu_order":0,"comment_status":"closed","ping_status":"closed","template":"","meta":{"site-sidebar-layout":"no-sidebar","site-content-layout":"page-builder","ast-site-content-layout":"full-width-container","site-content-style":"default","site-sidebar-style":"default","ast-global-header-display":"","ast-banner-title-visibility":"","ast-main-header-display":"","ast-hfb-above-header-display":"","ast-hfb-below-header-display":"","ast-hfb-mobile-header-display":"","site-post-title":"disabled","ast-breadcrumbs-content":"","ast-featured-img":"disabled","footer-sml-layout":"","theme-transparent-header-meta":"","adv-header-id-meta":"","stick-header-meta":"","header-above-stick-meta":"","header-main-stick-meta":"","header-below-stick-meta":"","astra-migrate-meta-layouts":"set","ast-page-background-enabled":"default","ast-page-background-meta":{"desktop":{"background-color":"","background-image":"","background-repeat":"repeat","background-position":"center center","background-size":"auto","background-attachment":"scroll","background-type":"","background-media":"","overlay-type":"","overlay-color":"","overlay-opacity":"","overlay-gradient":""},"tablet":{"background-color":"","background-image":"","background-repeat":"repeat","background-position":"center center","background-size":"auto","background-attachment":"scroll","background-type":"","background-media":"","overlay-type":"","overlay-color":"","overlay-opacity":"","overlay-gradient":""},"mobile":{"background-color":"","background-image":"","background-repeat":"repeat","background-position":"center center","background-size":"auto","background-attachment":"scroll","background-type":"","background-media":"","overlay-type":"","overlay-color":"","overlay-opacity":"","overlay-gradient":""}},"ast-content-background-meta":{"desktop":{"background-color":"var(--ast-global-color-5)","background-image":"","background-repeat":"repeat","background-position":"center center","background-size":"auto","background-attachment":"scroll","background-type":"","background-media":"","overlay-type":"","overlay-color":"","overlay-opacity":"","overlay-gradient":""},"tablet":{"background-color":"var(--ast-global-color-5)","background-image":"","background-repeat":"repeat","background-position":"center center","background-size":"auto","background-attachment":"scroll","background-type":"","background-media":"","overlay-type":"","overlay-color":"","overlay-opacity":"","overlay-gradient":""},"mobile":{"background-color":"var(--ast-global-color-5)","background-image":"","background-repeat":"repeat","background-position":"center center","background-size":"auto","background-attachment":"scroll","background-type":"","background-media":"","overlay-type":"","overlay-color":"","overlay-opacity":"","overlay-gradient":""}},"footnotes":""},"class_list":["post-2043","page","type-page","status-publish","hentry"],"yoast_head":"<!-- This site is optimized with the Yoast SEO plugin v26.5 - https:\/\/yoast.com\/wordpress\/plugins\/seo\/ -->\n<title>Pol\u00edtica de cookies - Dental Sant Andreu<\/title>\n<meta name=\"robots\" content=\"index, follow, max-snippet:-1, max-image-preview:large, max-video-preview:-1\" \/>\n<link rel=\"canonical\" href=\"https:\/\/dentalsantandreu.com\/es\/politica-de-cookies\/\" \/>\n<meta property=\"og:locale\" content=\"es_ES\" \/>\n<meta property=\"og:type\" content=\"article\" \/>\n<meta property=\"og:title\" content=\"Pol\u00edtica de cookies - Dental Sant Andreu\" \/>\n<meta property=\"og:description\" content=\"POL\u00cdTICA DE COOKIES dentalsantandreu.com L&#8217;acc\u00e9s a aquest Lloc Web pot implicar l&#8217;\u00fas de cookies. Les cookies s\u00f3n petites quantitats d&#8217;informaci\u00f3 que es desaven al navegador utilitzat per cada Usuari \u2014als diferents dispositius que pugui utilitzar per navegar\u2014 perqu\u00e8 el servidor recordi certa informaci\u00f3 que posteriorment i \u00fanicament el servidor que la va implementar llegir\u00e0. Les [&hellip;]\" \/>\n<meta property=\"og:url\" content=\"https:\/\/dentalsantandreu.com\/es\/politica-de-cookies\/\" \/>\n<meta property=\"og:site_name\" content=\"Dental Sant Andreu\" \/>\n<meta property=\"article:modified_time\" content=\"2025-02-14T17:17:14+00:00\" \/>\n<meta name=\"twitter:card\" content=\"summary_large_image\" \/>\n<meta name=\"twitter:label1\" content=\"Tiempo de lectura\" \/>\n\t<meta name=\"twitter:data1\" content=\"2 minutos\" \/>\n<script type=\"application\/ld+json\" class=\"yoast-schema-graph\">{\"@context\":\"https:\/\/schema.org\",\"@graph\":[{\"@type\":\"WebPage\",\"@id\":\"https:\/\/dentalsantandreu.com\/politica-de-cookies\/\",\"url\":\"https:\/\/dentalsantandreu.com\/politica-de-cookies\/\",\"name\":\"Pol\u00edtica de cookies - Dental Sant Andreu\",\"isPartOf\":{\"@id\":\"https:\/\/dentalsantandreu.com\/#website\"},\"datePublished\":\"2025-02-04T21:20:03+00:00\",\"dateModified\":\"2025-02-14T17:17:14+00:00\",\"breadcrumb\":{\"@id\":\"https:\/\/dentalsantandreu.com\/politica-de-cookies\/#breadcrumb\"},\"inLanguage\":\"es\",\"potentialAction\":[{\"@type\":\"ReadAction\",\"target\":[\"https:\/\/dentalsantandreu.com\/politica-de-cookies\/\"]}]},{\"@type\":\"BreadcrumbList\",\"@id\":\"https:\/\/dentalsantandreu.com\/politica-de-cookies\/#breadcrumb\",\"itemListElement\":[{\"@type\":\"ListItem\",\"position\":1,\"name\":\"Inici\",\"item\":\"https:\/\/dentalsantandreu.com\/\"},{\"@type\":\"ListItem\",\"position\":2,\"name\":\"Pol\u00edtica de cookies\"}]},{\"@type\":\"WebSite\",\"@id\":\"https:\/\/dentalsantandreu.com\/#website\",\"url\":\"https:\/\/dentalsantandreu.com\/\",\"name\":\"Dental Sant Andreu\",\"description\":\"\",\"publisher\":{\"@id\":\"https:\/\/dentalsantandreu.com\/#organization\"},\"potentialAction\":[{\"@type\":\"SearchAction\",\"target\":{\"@type\":\"EntryPoint\",\"urlTemplate\":\"https:\/\/dentalsantandreu.com\/?s={search_term_string}\"},\"query-input\":{\"@type\":\"PropertyValueSpecification\",\"valueRequired\":true,\"valueName\":\"search_term_string\"}}],\"inLanguage\":\"es\"},{\"@type\":\"Organization\",\"@id\":\"https:\/\/dentalsantandreu.com\/#organization\",\"name\":\"Dental Sant Andreu\",\"url\":\"https:\/\/dentalsantandreu.com\/\",\"logo\":{\"@type\":\"ImageObject\",\"inLanguage\":\"es\",\"@id\":\"https:\/\/dentalsantandreu.com\/#\/schema\/logo\/image\/\",\"url\":\"https:\/\/dentalsantandreu.com\/wp-content\/uploads\/2025\/01\/Logo_DentalSantAndreu.png\",\"contentUrl\":\"https:\/\/dentalsantandreu.com\/wp-content\/uploads\/2025\/01\/Logo_DentalSantAndreu.png\",\"width\":1299,\"height\":728,\"caption\":\"Dental Sant Andreu\"},\"image\":{\"@id\":\"https:\/\/dentalsantandreu.com\/#\/schema\/logo\/image\/\"}}]}<\/script>\n<!-- \/ Yoast SEO plugin. -->","yoast_head_json":{"title":"Pol\u00edtica de cookies - Dental Sant Andreu","robots":{"index":"index","follow":"follow","max-snippet":"max-snippet:-1","max-image-preview":"max-image-preview:large","max-video-preview":"max-video-preview:-1"},"canonical":"https:\/\/dentalsantandreu.com\/es\/politica-de-cookies\/","og_locale":"es_ES","og_type":"article","og_title":"Pol\u00edtica de cookies - Dental Sant Andreu","og_description":"POL\u00cdTICA DE COOKIES dentalsantandreu.com L&#8217;acc\u00e9s a aquest Lloc Web pot implicar l&#8217;\u00fas de cookies. Les cookies s\u00f3n petites quantitats d&#8217;informaci\u00f3 que es desaven al navegador utilitzat per cada Usuari \u2014als diferents dispositius que pugui utilitzar per navegar\u2014 perqu\u00e8 el servidor recordi certa informaci\u00f3 que posteriorment i \u00fanicament el servidor que la va implementar llegir\u00e0. Les [&hellip;]","og_url":"https:\/\/dentalsantandreu.com\/es\/politica-de-cookies\/","og_site_name":"Dental Sant Andreu","article_modified_time":"2025-02-14T17:17:14+00:00","twitter_card":"summary_large_image","twitter_misc":{"Tiempo de lectura":"2 minutos"},"schema":{"@context":"https:\/\/schema.org","@graph":[{"@type":"WebPage","@id":"https:\/\/dentalsantandreu.com\/politica-de-cookies\/","url":"https:\/\/dentalsantandreu.com\/politica-de-cookies\/","name":"Pol\u00edtica de cookies - Dental Sant Andreu","isPartOf":{"@id":"https:\/\/dentalsantandreu.com\/#website"},"datePublished":"2025-02-04T21:20:03+00:00","dateModified":"2025-02-14T17:17:14+00:00","breadcrumb":{"@id":"https:\/\/dentalsantandreu.com\/politica-de-cookies\/#breadcrumb"},"inLanguage":"es","potentialAction":[{"@type":"ReadAction","target":["https:\/\/dentalsantandreu.com\/politica-de-cookies\/"]}]},{"@type":"BreadcrumbList","@id":"https:\/\/dentalsantandreu.com\/politica-de-cookies\/#breadcrumb","itemListElement":[{"@type":"ListItem","position":1,"name":"Inici","item":"https:\/\/dentalsantandreu.com\/"},{"@type":"ListItem","position":2,"name":"Pol\u00edtica de cookies"}]},{"@type":"WebSite","@id":"https:\/\/dentalsantandreu.com\/#website","url":"https:\/\/dentalsantandreu.com\/","name":"Dental Sant Andreu","description":"","publisher":{"@id":"https:\/\/dentalsantandreu.com\/#organization"},"potentialAction":[{"@type":"SearchAction","target":{"@type":"EntryPoint","urlTemplate":"https:\/\/dentalsantandreu.com\/?s={search_term_string}"},"query-input":{"@type":"PropertyValueSpecification","valueRequired":true,"valueName":"search_term_string"}}],"inLanguage":"es"},{"@type":"Organization","@id":"https:\/\/dentalsantandreu.com\/#organization","name":"Dental Sant Andreu","url":"https:\/\/dentalsantandreu.com\/","logo":{"@type":"ImageObject","inLanguage":"es","@id":"https:\/\/dentalsantandreu.com\/#\/schema\/logo\/image\/","url":"https:\/\/dentalsantandreu.com\/wp-content\/uploads\/2025\/01\/Logo_DentalSantAndreu.png","contentUrl":"https:\/\/dentalsantandreu.com\/wp-content\/uploads\/2025\/01\/Logo_DentalSantAndreu.png","width":1299,"height":728,"caption":"Dental Sant Andreu"},"image":{"@id":"https:\/\/dentalsantandreu.com\/#\/schema\/logo\/image\/"}}]}},"_links":{"self":[{"href":"https:\/\/dentalsantandreu.com\/es\/wp-json\/wp\/v2\/pages\/2043","targetHints":{"allow":["GET"]}}],"collection":[{"href":"https:\/\/dentalsantandreu.com\/es\/wp-json\/wp\/v2\/pages"}],"about":[{"href":"https:\/\/dentalsantandreu.com\/es\/wp-json\/wp\/v2\/types\/page"}],"author":[{"embeddable":true,"href":"https:\/\/dentalsantandreu.com\/es\/wp-json\/wp\/v2\/users\/1"}],"replies":[{"embeddable":true,"href":"https:\/\/dentalsantandreu.com\/es\/wp-json\/wp\/v2\/comments?post=2043"}],"version-history":[{"count":13,"href":"https:\/\/dentalsantandreu.com\/es\/wp-json\/wp\/v2\/pages\/2043\/revisions"}],"predecessor-version":[{"id":2444,"href":"https:\/\/dentalsantandreu.com\/es\/wp-json\/wp\/v2\/pages\/2043\/revisions\/2444"}],"wp:attachment":[{"href":"https:\/\/dentalsantandreu.com\/es\/wp-json\/wp\/v2\/media?parent=2043"}],"curies":[{"name":"wp","href":"https:\/\/api.w.org\/{rel}","templated":true}]}}